{"id":34,"date":"2017-09-15T18:22:23","date_gmt":"2017-09-15T16:22:23","guid":{"rendered":"http:\/\/wese-love.pl\/?page_id=34"},"modified":"2023-03-28T22:18:02","modified_gmt":"2023-03-28T20:18:02","slug":"strona-glowna","status":"publish","type":"page","link":"https:\/\/wese-love.pl\/","title":{"rendered":"Strona G\u0142\u00f3wna"},"content":{"rendered":"<p>\t\t\t\t<img loading=\"lazy\" src=\"http:\/\/wese-love.pl\/wp-content\/uploads\/2019\/07\/1.png\" alt=\"1\" itemprop=\"image\" height=\"255\" width=\"340\"  \/><\/p>\n<p>&nbsp;<\/p>\n<p><strong>PO PIERWSZE JAKO\u015a\u0106!<\/strong><\/p>\n<p>&nbsp;<\/p>\n<p>Od pocz\u0105tku najwi\u0119ksz\u0105 wag\u0119 przyk\u0142adamy do jako\u015bci naszych us\u0142ug. Nasza Fotobudka to bez w\u0105tpienia urz\u0105dzenie najwy\u017cszej klasy na rynku. Nowoczesny design i \u015bwietnej jako\u015bci podzespo\u0142y &#8211; to w\u0142a\u015bnie F<strong>otobudka WESELOVE!<\/strong><\/p>\n<p>\t\t\t\t<img loading=\"lazy\" src=\"http:\/\/wese-love.pl\/wp-content\/uploads\/2019\/07\/2.png\" alt=\"2\" itemprop=\"image\" height=\"255\" width=\"340\"  \/><\/p>\n<p>&nbsp;<\/p>\n<p style=\"text-align: left;\"><strong>PO DRUGIE ESTETYKA!<\/strong><\/p>\n<p style=\"text-align: left;\">Wiemy jak wa\u017cne jest dla Ciebie aby wszystko si\u0119 uda\u0142o! Wybierasz najlepszy zesp\u00f3\u0142, uwa\u017cnie kompletujesz us\u0142ugodawc\u00f3w.<\/p>\n<p style=\"text-align: left;\">Zawsze szczeg\u00f3ln\u0105 uwag\u0119 przyk\u0142adamy do estetyki naszych us\u0142ug. Przygotowujemy indywidualn\u0105 opraw\u0119 graficzn\u0105 zgodnie z twoim \u017cyczeniem, w ko\u0144cu to twoje \u015bwi\u0119to!<\/p>\n<p style=\"text-align: left;\"><strong>Fotobudka nie musi by\u0107 kiczowata<\/strong>, przynajmniej nasza! \ud83d\ude42<\/p>\n<p>\t\t\t\t<img loading=\"lazy\" src=\"http:\/\/wese-love.pl\/wp-content\/uploads\/2019\/07\/3.png\" alt=\"3\" itemprop=\"image\" height=\"255\" width=\"340\"  \/><\/p>\n<p><strong>PO TRZECIE INDYWIDUALNO\u015a\u0106!<\/strong><\/p>\n<p>Nikt nie wie lepiej ni\u017c Ty co bawi Ciebie i Twoich znajomych! Masz pomys\u0142 na oryginaln\u0105 tabliczk\u0119, personalizowane t\u0142o, a mo\u017ce napis? Jeste\u015bmy otwarci na Twoje pomys\u0142y!<\/p>\n<p>Twoje przyj\u0119cie ma motyw lub kolor przewodni? Dostosujemy si\u0119 z przyjemno\u015bci\u0105! \ud83d\ude42<\/p>\n<p>Ka\u017cda grafika, zaczynaj\u0105c od tej w interfejsie urz\u0105dzenia, do tej na wydrukowanych zdj\u0119ciach b\u0119dzie zaprojektowana specjalnie dla Ciebie, zgodnie z Twoimi wytycznymi. I to w standardzie!<\/p>\n<p>\t\t\t\t<img loading=\"lazy\" src=\"http:\/\/wese-love.pl\/wp-content\/uploads\/2019\/07\/4.png\" alt=\"4\" itemprop=\"image\" height=\"255\" width=\"340\"  \/><\/p>\n<p>&nbsp;<\/p>\n<h1 style=\"text-align: left;\"><\/h1>\n<p style=\"text-align: left;\"><strong>PO CZWARTE ORYGINALNO\u015a\u0106!<\/strong><\/p>\n<p style=\"text-align: left;\">Stajemy na g\u0142owie \u017ceby zaproponowa\u0107 Ci co\u015b czego jeszcze nie widzia\u0142e\u015b! T\u0142a, gad\u017cety, \u015bciany kwiatowe &#8211; tego jeszcze u nas nie by\u0142o!<\/p>\n<h2 style=\"text-align: left;\"><\/h2>\n<p>\t\t\t\t<img loading=\"lazy\" src=\"http:\/\/wese-love.pl\/wp-content\/uploads\/2019\/07\/5.png\" alt=\"5\" itemprop=\"image\" height=\"255\" width=\"340\"  \/><\/p>\n<p>&nbsp;<\/p>\n<p><strong>PO PI\u0104TE DOBRA ZABAWA!<\/strong><\/p>\n<p>Od naszej pierwszej rozmowy dbamy o to \u017ceby wynajem Fotobudki na Twoj\u0105 imprez\u0119 by\u0142 czyst\u0105 przyjemno\u015bci\u0105!<\/p>\n<p>A ju\u017c na samym przyj\u0119ciu do\u0142o\u017cymy wszelkich stara\u0144 aby go\u015bcie wspominali je bardzo, bardzo d\u0142ugo!<\/p>\n<p>Zreszt\u0105, nie da si\u0119 nie bawi\u0107 dobrze maj\u0105c w pobli\u017cu <strong>Fotobudk\u0119 Weselove<\/strong> \ud83d\ude42<\/p>\n<p>&nbsp;<\/p>\n<p style=\"text-align: center;\"><strong>Masz jakie\u015b pytania?<\/strong><\/p>\n<p style=\"text-align: center;\"><a href=\"http:\/\/wese-love.pl\/index.php\/kontakt\/\">Skontaktuj si\u0119 z nami!<\/a><\/p>\n<p style=\"text-align: center;\"><strong>Chcesz by\u0107 na bie\u017c\u0105co?<\/strong><\/p>\n<p style=\"text-align: center;\">Polub nas na Facebooku!<\/p>\n<p style=\"text-align: center;\"><a href=\"http:\/\/www.facebook.pl\/WeseLovee\">www.facebook.pl\/WeseLovee<\/a><\/p>\n<div class='sfsi_Sicons' style='width: 100%; display: inline-block; vertical-align: middle; text-align:left'><div style='margin:0px 8px 0px 0px; line-height: 24px'><span>Zobacz nas:<\/span><\/div><div class='sfsi_socialwpr'><div class='sf_subscrbe' style='text-align:left;float:left;width:64px'><a href=\"http:\/\/www.specificfeeds.com\/widgets\/emailSubscribeEncFeed\/enVhL3ZDVXdxQUxhaFA2ZWJ2T1JReUJXNEdsaWRYaGRqU0dBS09lMlZkTlkwNGxpQXl3YlZZUVk0RXBtd2tLU0pEWXNoNnZJVFNLNUV1dmJVUHEzNy9hY09ZZloyZGdiN2ZRYjQreXp3UjkwSVhQczNwOWRZV0lJZlRERHVYVzh8dTkvQVdYSU1MNXV0STljUkJ6NVpobnU1Zk01eWwvK0V5TmdBV1NIeERabz0=\/OA==\/\" target=\"_blank\"><img src=\"https:\/\/wese-love.pl\/wp-content\/plugins\/ultimate-social-media-icons\/images\/follow_subscribe.png\" \/><\/a><\/div><div class='sf_fb' style='text-align:left;width:52px'><div class=\"fb-like\" href=\"https:\/\/wese-love.pl\/\" width=\"180\" send=\"false\" showfaces=\"false\"  action=\"like\" data-share=\"false\" data-layout=\"button\" ><\/div><\/div><div class='sf_google' style='text-align:left;float:left;max-width:62px;min-width:35px;'><div class=\"g-plusone\" data-href=\"https:\/\/wese-love.pl\/\" data-size=\"large\" data-annotation=\"none\" ><\/div><\/div><\/div><\/div>","protected":false},"excerpt":{"rendered":"<p>&nbsp; PO PIERWSZE JAKO\u015a\u0106! &nbsp; Od pocz\u0105tku najwi\u0119ksz\u0105 wag\u0119 przyk\u0142adamy do jako\u015bci naszych us\u0142ug. Nasza Fotobudka to bez w\u0105tpienia urz\u0105dzenie najwy\u017cszej klasy na rynku. Nowoczesny design i \u015bwietnej jako\u015bci podzespo\u0142y &#8211; to w\u0142a\u015bnie Fotobudka WESELOVE! &nbsp; PO DRUGIE ESTETYKA! Wiemy jak wa\u017cne jest dla Ciebie&nbsp;<a class=\"read-more\" href=\"https:\/\/wese-love.pl\/\">&hellip;<\/a><\/p>\n","protected":false},"author":1,"featured_media":0,"parent":0,"menu_order":0,"comment_status":"closed","ping_status":"closed","template":"","meta":[],"_links":{"self":[{"href":"https:\/\/wese-love.pl\/index.php\/wp-json\/wp\/v2\/pages\/34"}],"collection":[{"href":"https:\/\/wese-love.pl\/index.php\/wp-json\/wp\/v2\/pages"}],"about":[{"href":"https:\/\/wese-love.pl\/index.php\/wp-json\/wp\/v2\/types\/page"}],"author":[{"embeddable":true,"href":"https:\/\/wese-love.pl\/index.php\/wp-json\/wp\/v2\/users\/1"}],"replies":[{"embeddable":true,"href":"https:\/\/wese-love.pl\/index.php\/wp-json\/wp\/v2\/comments?post=34"}],"version-history":[{"count":47,"href":"https:\/\/wese-love.pl\/index.php\/wp-json\/wp\/v2\/pages\/34\/revisions"}],"predecessor-version":[{"id":7865,"href":"https:\/\/wese-love.pl\/index.php\/wp-json\/wp\/v2\/pages\/34\/revisions\/7865"}],"wp:attachment":[{"href":"https:\/\/wese-love.pl\/index.php\/wp-json\/wp\/v2\/media?parent=34"}],"curies":[{"name":"wp","href":"https:\/\/api.w.org\/{rel}","templated":true}]}}