{"id":35,"date":"2017-09-15T18:22:23","date_gmt":"2017-09-15T16:22:23","guid":{"rendered":"http:\/\/wese-love.pl\/?page_id=35"},"modified":"2023-03-28T22:46:07","modified_gmt":"2023-03-28T20:46:07","slug":"o-nas","status":"publish","type":"page","link":"https:\/\/wese-love.pl\/index.php\/o-nas\/","title":{"rendered":"Fotobudka"},"content":{"rendered":"\n<h1>Najlepsza Fotobudka w Nowym S\u0105czu &#8211; WESELOVE Fotobudka<\/h1>\n\n\n\n<p class=\"has-text-align-left\">Decyduj\u0105c si\u0119 na wynajem WESELOVE Fotobudki otrzymujesz us\u0142ug\u0119 najwy\u017cszej jako\u015bci. Jest to dla nas bardzo wa\u017cne, dlatego dbamy aby nasza fotobudka sk\u0142ada\u0142a si\u0119 z najlepszej jako\u015bci komponent\u00f3w.<\/p>\n\n\n\n<p>Zobacz jak wygl\u0105da nasza Fotobudka -&gt;<\/p>\n\n\n\n<figure class=\"wp-block-video\"><video autoplay controls loop poster=\"https:\/\/i1.wp.com\/wese-love.pl\/wp-content\/uploads\/2017\/09\/fotobudka1.jpg?fit=200%2C300\" preload=\"none\" src=\"http:\/\/wese-love.pl\/wp-content\/uploads\/2017\/09\/SMOVE-FBOX-MINI-Photokina-2016.mp4\"><\/video><\/figure>\n\n\n\n<p class=\"has-text-align-right\"><strong>Uchylny korpus<\/strong>&nbsp;naszego urz\u0105dzenia pozwoli nam dostosowa\u0107 urz\u0105dzenie do ka\u017cdych warunk\u00f3w. Dzi\u0119ki tej funkcji Fotobudka WESELOVE idealnie sprawdzi si\u0119 na imprezach z udzia\u0142em dzie\u0107mi, a tak\u017ce w ma\u0142ych pomieszczeniach &#8211; dostosujemy si\u0119 do ka\u017cdych warunk\u00f3w!<\/p>\n\n\n\n<p class=\"has-text-align-right\">\u015awiat\u0142o jest najwa\u017cniejszym czynnikiem dobrego zdj\u0119cia, dlatego w naszej Fotobudce zamontowali\u015bmy <strong>pier\u015bcieniow\u0105 lamp\u0119 led&nbsp;<\/strong>o naturalnej barwie \u015bwiat\u0142a. Aparat znajduj\u0105cy si\u0119 w centralnej cz\u0119\u015bci lampy gwarantuje r\u00f3wnomierne o\u015bwietlenie osoby z ka\u017cdej strony, co daje pewno\u015b\u0107, \u017ce ka\u017cdy na zdj\u0119ciu b\u0119dzie wygl\u0105da\u0142 \u015bwietnie!<\/p>\n\n\n\n<p class=\"has-text-align-right\">Nasza Fotobudka wyposa\u017cona jest w nowoczesny sprz\u0119t z <strong>intuicyjnym interfacem<\/strong>. Daje nam to mo\u017cliwo\u015b\u0107 pe\u0142nej personalizacji us\u0142ugi zgodnie z Twoim \u017cyczeniem!<\/p>\n\n\n\n<p class=\"has-text-align-right\">Fotobudka WESELOVE to przede wszystkim jako\u015b\u0107! Warunkiem dobrej jako\u015bci zdj\u0119\u0107 jest najlepszy z dost\u0119pnych <strong>aparat&nbsp;<\/strong>&#8211; nasz Canon EOS 1300D zadba o to \u017ceby zdj\u0119cia z fotobudki by\u0142y naprawd\u0119 profesjonalne!<\/p>\n\n\n\n<figure class=\"wp-block-image\"><img src=\"http:\/\/wese-love.pl\/wp-content\/uploads\/2023\/03\/IMG_20210910_205903-3-1024x768.jpg\" alt=\"Fotobudka Nowy S\u0105cz\"\/><\/figure>\n\n\n\n<p class=\"has-text-align-right\">W naszej Fotobudce zastosowali\u015bmy <strong>drukark\u0119 termosublimacyjn\u0105<\/strong> Mitsubishi CP-D8ODW. Zdj\u0119cia drukuj\u0105 si\u0119 bardzo szybko i s\u0105 \u015bwietnej jako\u015bci &#8211; nie uwierzysz, \u017ce natychmiastowe zdj\u0119cia z Fotobudki mog\u0105 by\u0107 tak profesjonalne! Wydruki s\u0105 trwa\u0142e, odporne na wod\u0119 i promieniowanie UV &#8211; b\u0119dziesz si\u0119 nimi cieszy\u0107 d\u0142ugie lata!<\/p>\n\n\n\n<h5>Je\u017celi masz jakie\u015b pytania &#8211;&nbsp;<a href=\"http:\/\/wese-love.pl\/index.php\/kontakt\/\">NAPISZ DO NAS!<\/a><\/h5>\n\n\n\n<h5>Ch\u0119tnie odpowiemy na wszystkie pytania.<\/h5>\n\n\n\n<h5>\u015aled\u017a nasz profil na Facebooku &#8211; <a href=\"https:\/\/facebook.pl\/weseLovee\">KLIK<\/a><\/h5>\n\n\n\n<figure class=\"wp-block-image\"><img src=\"http:\/\/wese-love.pl\/wp-content\/uploads\/2023\/03\/311229049_828610071820908_8348859179556975811_n.jpg\" alt=\"Fotobudka ma\u0142opolska\"\/><\/figure>\n<div class='sfsi_Sicons' style='width: 100%; display: inline-block; vertical-align: middle; text-align:left'><div style='margin:0px 8px 0px 0px; line-height: 24px'><span>Zobacz nas:<\/span><\/div><div class='sfsi_socialwpr'><div class='sf_subscrbe' style='text-align:left;float:left;width:64px'><a href=\"http:\/\/www.specificfeeds.com\/widgets\/emailSubscribeEncFeed\/enVhL3ZDVXdxQUxhaFA2ZWJ2T1JReUJXNEdsaWRYaGRqU0dBS09lMlZkTlkwNGxpQXl3YlZZUVk0RXBtd2tLU0pEWXNoNnZJVFNLNUV1dmJVUHEzNy9hY09ZZloyZGdiN2ZRYjQreXp3UjkwSVhQczNwOWRZV0lJZlRERHVYVzh8dTkvQVdYSU1MNXV0STljUkJ6NVpobnU1Zk01eWwvK0V5TmdBV1NIeERabz0=\/OA==\/\" target=\"_blank\"><img src=\"https:\/\/wese-love.pl\/wp-content\/plugins\/ultimate-social-media-icons\/images\/follow_subscribe.png\" \/><\/a><\/div><div class='sf_fb' style='text-align:left;width:52px'><div class=\"fb-like\" href=\"https:\/\/wese-love.pl\/index.php\/o-nas\/\" width=\"180\" send=\"false\" showfaces=\"false\"  action=\"like\" data-share=\"false\" data-layout=\"button\" ><\/div><\/div><div class='sf_google' style='text-align:left;float:left;max-width:62px;min-width:35px;'><div class=\"g-plusone\" data-href=\"https:\/\/wese-love.pl\/index.php\/o-nas\/\" data-size=\"large\" data-annotation=\"none\" ><\/div><\/div><\/div><\/div>","protected":false},"excerpt":{"rendered":"<p>Najlepsza Fotobudka w Nowym S\u0105czu &#8211; WESELOVE Fotobudka Decyduj\u0105c si\u0119 na wynajem WESELOVE Fotobudki otrzymujesz us\u0142ug\u0119 najwy\u017cszej jako\u015bci. Jest to dla nas bardzo wa\u017cne, dlatego dbamy aby nasza fotobudka sk\u0142ada\u0142a si\u0119 z najlepszej jako\u015bci komponent\u00f3w. Zobacz jak wygl\u0105da nasza Fotobudka -&gt; Uchylny korpus&nbsp;naszego urz\u0105dzenia pozwoli&nbsp;<a class=\"read-more\" href=\"https:\/\/wese-love.pl\/index.php\/o-nas\/\">&hellip;<\/a><\/p>\n","protected":false},"author":1,"featured_media":0,"parent":0,"menu_order":0,"comment_status":"closed","ping_status":"closed","template":"","meta":[],"_links":{"self":[{"href":"https:\/\/wese-love.pl\/index.php\/wp-json\/wp\/v2\/pages\/35"}],"collection":[{"href":"https:\/\/wese-love.pl\/index.php\/wp-json\/wp\/v2\/pages"}],"about":[{"href":"https:\/\/wese-love.pl\/index.php\/wp-json\/wp\/v2\/types\/page"}],"author":[{"embeddable":true,"href":"https:\/\/wese-love.pl\/index.php\/wp-json\/wp\/v2\/users\/1"}],"replies":[{"embeddable":true,"href":"https:\/\/wese-love.pl\/index.php\/wp-json\/wp\/v2\/comments?post=35"}],"version-history":[{"count":21,"href":"https:\/\/wese-love.pl\/index.php\/wp-json\/wp\/v2\/pages\/35\/revisions"}],"predecessor-version":[{"id":7873,"href":"https:\/\/wese-love.pl\/index.php\/wp-json\/wp\/v2\/pages\/35\/revisions\/7873"}],"wp:attachment":[{"href":"https:\/\/wese-love.pl\/index.php\/wp-json\/wp\/v2\/media?parent=35"}],"curies":[{"name":"wp","href":"https:\/\/api.w.org\/{rel}","templated":true}]}}