{"id":6594,"date":"2022-03-22T11:17:45","date_gmt":"2022-03-22T10:17:45","guid":{"rendered":"http:\/\/wese-love.pl\/?page_id=6594"},"modified":"2024-01-15T22:33:31","modified_gmt":"2024-01-15T21:33:31","slug":"cennik","status":"publish","type":"page","link":"https:\/\/wese-love.pl\/index.php\/cennik\/","title":{"rendered":"CENNIK 2024\/2025"},"content":{"rendered":"\n\t<p><!--vcv no format--><!-- vcwb\/dynamicElementComment:b85862d3 --><\/p>\n<p><!-- vcwb\/dynamicElementComment:a20768db --><\/p>\n<p><!-- vcwb\/dynamicElementComment:feadaa3f --><\/p>\n<p>Koszt wynajmu fotobudki zale\u017cny jest od czasu pracy urz\u0105dzenia na Twoim przyj\u0119ciu. Ilo\u015b\u0107 wykonanych zdj\u0119\u0107 jest zawsze nielimitowana.<\/p>\n<p>Przygotowali\u015bmy trzy zr\u00f3\u017cnicowane pakiety. Je\u017celi nie znalaz\u0142e\u015b rozwi\u0105zania dla siebie skontaktuj si\u0119 z nami i skorzystaj z oferty indywidualnej.<\/p>\n<p><!-- \/vcwb\/dynamicElementComment:feadaa3f --><\/p>\n<p><!-- \/vcwb\/dynamicElementComment:a20768db --><\/p>\n<p><!-- \/vcwb\/dynamicElementComment:b85862d3 --><!-- vcwb\/dynamicElementComment:1536ca75 --><\/p>\n<p><!-- vcwb\/dynamicElementComment:bd9bb926 --><\/p>\n<p><!-- vcwb\/dynamicElementComment:dc497fef --><\/p>\n\r\n<script>\r\n\r\njQuery(document).ready(function($){\r\n\r\n            if(window.innerWidth < 576) {\r\n\r\n            $('.pricingtable-4605').addClass('owl-carousel');\r\n\r\n\r\n\r\n            $(\".pricingtable-4605\").owlCarousel({\r\n\r\n                items : 1,\r\n                navText : [\"\",\"\"],\r\n                autoplay: false,\r\n                loop: false,\r\n                autoHeight : true,\r\n                nav : true,\r\n                dots : true,\r\n            })\r\n\r\n        }\r\n        \r\n\r\n\r\n})\r\n\r\n    <\/script>\r\n\r\n\r\n<style type=\"text\/css\">\r\n    @media (max-width: 576px){\r\n        .pricingtable .column{\r\n            width: 90% !important;\r\n        }\r\n\r\n    }\r\n\r\n<\/style>\r\n\r\n\r\n\t<link rel=\"stylesheet\" href=\"https:\/\/wese-love.pl\/wp-content\/plugins\/pricingtable\/templates\/themes\/semi-rounded\/style.css\">\r\n\t<style type=\"text\/css\">\r\n        .pricingtable-4605 .column-item-data.odd{\r\n                    background: #ffffff;\r\n                }\r\n        .pricingtable-4605 .column-item-data.even{\r\n                    background: #eaeaea;\r\n                }\r\n\t<\/style>\r\n\r\n\t<div class=\"pricingtable   pricingtable-4605 semi-rounded\" style=\"background:url() repeat scroll 0 0 rgba(0, 0, 0, 0);\" >\r\n\r\n\t\t\t<div style=\"width:;margin: \" class=\"column column-1 \">\r\n\r\n\r\n\t\t\t\t\t<div style=\" background-color:;color: \" class=\"column-item column-item-header\">\r\n\t<span style=\"font-size:;\" class=\"pricingtable-header-name\">PAKIET 1<\/span>\r\n\t\t\t<span class='pt-hd'>2 godziny<\/span>\r\n\t\t<\/div><div  style=\" background-color:; color:\" class=\"column-item column-item-price\">\r\n\t<span style='font-size:;line-height:;color:' class='price-value'>799z\u0142<\/span>\r\n\t<\/div>                                <div class=\"column-item column-item-body\">\r\n\t\t\t                    <div class=\"column-item-data odd\">Nielimitowana ilo\u015b\u0107 zdj\u0119\u0107<\/div>\r\n<div class=\"column-item-data even\">Pakiet gad\u017cet\u00f3w<\/div>\r\n<div class=\"column-item-data odd\">T\u0142o do wyboru<\/div>\r\n<div class=\"column-item-data even\">Galeria internetowa<\/div>\r\n<div class=\"column-item-data odd\">Personalizacja wydruk\u00f3w<\/div>\r\n<div class=\"column-item-data even\">Personalizacja grafik<\/div>\r\n<div class=\"column-item-data odd\">Opieka animatora<\/div>\r\n<div class=\"column-item-data even\">Dojazd do 50km<\/div>\r\n<div class=\"column-item-data odd\"><span class=\"pt-cell-blank normal\">&nbsp;<\/span><\/div>\r\n                                <\/div>\r\n\t\t\t                    <div style=\" background-color:\" class=\"column-item column-item-footer\">\r\n\t<a style=\"background-color:;color:#000000\" class=\"pricingtable-signup-name pricingtable-button \" href=\"http:\/\/wese-love.pl\/index.php\/kontakt\/\">ZAPYTAJ O TERMIN<\/a>\r\n<\/div>\r\n\r\n\t\t\t\t<\/div><div style=\"width:;margin: \" class=\"column column-2 \">\r\n\r\n\r\n\t\t\t\t\t<div style=\" background-color:;color: \" class=\"column-item column-item-header\">\r\n\t<span style=\"font-size:;\" class=\"pricingtable-header-name\">PAKIET 2<\/span>\r\n\t\t\t<span class='pt-hd'>3 godziny<\/span>\r\n\t\t<\/div><div  style=\" background-color:; color:\" class=\"column-item column-item-price\">\r\n\t<span style='font-size:;line-height:;color:' class='price-value'>949z\u0142<\/span>\r\n\t<\/div>                                <div class=\"column-item column-item-body\">\r\n\t\t\t                    <div class=\"column-item-data odd\">Nielimitowana ilo\u015b\u0107 zdj\u0119\u0107<\/div>\r\n<div class=\"column-item-data even\">Pakiet gad\u017cet\u00f3w<\/div>\r\n<div class=\"column-item-data odd\">T\u0142o do wyboru<\/div>\r\n<div class=\"column-item-data even\">Galeria internetowa<\/div>\r\n<div class=\"column-item-data odd\">Personalizacja wydruk\u00f3w<\/div>\r\n<div class=\"column-item-data even\">Personalizacja grafik<\/div>\r\n<div class=\"column-item-data odd\">Opieka animatora<\/div>\r\n<div class=\"column-item-data even\">Dojazd do 50km<\/div>\r\n<div class=\"column-item-data odd\">Dowolny uk\u0142ad zdj\u0119\u0107<\/div>\r\n                                <\/div>\r\n\t\t\t                    <div style=\" background-color:\" class=\"column-item column-item-footer\">\r\n\t<a style=\"background-color:;color:#000000\" class=\"pricingtable-signup-name pricingtable-button \" href=\"http:\/\/wese-love.pl\/index.php\/kontakt\/\">ZAPYTAJ O TERMIN<\/a>\r\n<\/div>\r\n\r\n\t\t\t\t<\/div><div style=\"width:;margin: \" class=\"column column-3 \">\r\n\r\n\r\n\t\t\t\t\t<div style=\" background-color:;color: \" class=\"column-item column-item-header\">\r\n\t<span style=\"font-size:;\" class=\"pricingtable-header-name\">PAKIET 3<\/span>\r\n\t\t\t<span class='pt-hd'>4 godziny<\/span>\r\n\t\t<\/div><div  style=\" background-color:; color:\" class=\"column-item column-item-price\">\r\n\t<span style='font-size:;line-height:;color:' class='price-value'>1099z\u0142<\/span>\r\n\t<\/div>                                <div class=\"column-item column-item-body\">\r\n\t\t\t                    <div class=\"column-item-data odd\">Nielimitowana ilo\u015b\u0107 zdj\u0119\u0107<\/div>\r\n<div class=\"column-item-data even\">Pakiet gad\u017cet\u00f3w<\/div>\r\n<div class=\"column-item-data odd\">T\u0142o do wyboru<\/div>\r\n<div class=\"column-item-data even\">Galeria internetowa<\/div>\r\n<div class=\"column-item-data odd\">Personalizacja wydruk\u00f3w<\/div>\r\n<div class=\"column-item-data even\">Personalizacja grafik<\/div>\r\n<div class=\"column-item-data odd\">Opieka animatora<\/div>\r\n<div class=\"column-item-data even\">Dojazd do 50km<\/div>\r\n<div class=\"column-item-data odd\">Dowolny uk\u0142ad zdj\u0119\u0107<\/div>\r\n                                <\/div>\r\n\t\t\t                    <div style=\" background-color:\" class=\"column-item column-item-footer\">\r\n\t<a style=\"background-color:;color:#000000\" class=\"pricingtable-signup-name pricingtable-button \" href=\"http:\/\/wese-love.pl\/index.php\/kontakt\/\">ZAPYTAJ O TERMIN<\/a>\r\n<\/div>\r\n\r\n\t\t\t\t<\/div>\r\n\t<\/div>\r\n\r\n\r\n\n<p><!-- \/vcwb\/dynamicElementComment:dc497fef --><!-- vcwb\/dynamicElementComment:5784b94f --><\/p>\n<p><!-- \/vcwb\/dynamicElementComment:5784b94f --><\/p>\n<p><!-- \/vcwb\/dynamicElementComment:bd9bb926 --><\/p>\n<p><!-- \/vcwb\/dynamicElementComment:1536ca75 --><!-- vcwb\/dynamicElementComment:7757fa73 --><\/p>\n<p><!-- vcwb\/dynamicElementComment:52e9054c --><\/p>\n<p><!-- vcwb\/dynamicElementComment:950582c7 --><\/p>\n<h2 style=\"text-align: center;\">DODATKOWE OPCJE<\/h2>\n<p>&nbsp;<\/p>\n<p><!-- \/vcwb\/dynamicElementComment:950582c7 --><!-- vcwb\/dynamicElementComment:ab85cb15 --><\/p>\n<section>\n<h1><strong>KSI\u0118GA GO\u015aCI<\/strong> &#8211; PERSONALIZOWANA<\/h1>\n<p><strong>100 z\u0142<\/strong><\/p>\n<p style=\"margin-bottom: .0001pt; line-height: normal; tab-stops: 45.8pt 91.6pt 137.4pt 183.2pt 229.0pt 274.8pt 320.6pt 366.4pt 412.2pt 458.0pt 503.8pt 549.6pt 595.4pt 641.2pt 687.0pt 732.8pt;\">Wybierz sw\u00f3j wz\u00f3r spo\u015br\u00f3d kilkudziesi\u0119ciu propozycji. Do zam\u00f3wionej ksi\u0119gi go\u015bci dodatkowo zapewniamy kolorowe d\u0142ugopisy i klej do wklejania zdj\u0119\u0107. Zajmujemy si\u0119 r\u00f3wnie\u017c utrzymaniem porz\u0105dku wok\u00f3\u0142 ksi\u0119gi.<\/p>\n<\/section>\n<p><!-- \/vcwb\/dynamicElementComment:ab85cb15 --><!-- vcwb\/dynamicElementComment:fda925c5 --><\/p>\n<p><!-- \/vcwb\/dynamicElementComment:fda925c5 --><!-- vcwb\/dynamicElementComment:0a8af56b --><\/p>\n<p><!-- \/vcwb\/dynamicElementComment:0a8af56b --><!-- vcwb\/dynamicElementComment:ca6ac5fc --><\/p>\n<section>\n<h1><strong>PENDRIVE<\/strong> &#8211; PERSONALIZOWANY<\/h1>\n<p><strong>50 z\u0142<\/strong><\/p>\n<p>Personalizowany, drewniany pendrive z wszystkimi zdj\u0119ciami z fotobudki. No\u015bnik dostarczymy do Ciebie najp\u00f3\u017aniej 7 dni po imprezie.<\/p>\n<\/section>\n<p><!-- \/vcwb\/dynamicElementComment:ca6ac5fc --><\/p>\n<p><!-- \/vcwb\/dynamicElementComment:52e9054c --><\/p>\n<p><!-- \/vcwb\/dynamicElementComment:7757fa73 --><!-- vcwb\/dynamicElementComment:1699de23 --><\/p>\n<p><!-- vcwb\/dynamicElementComment:46fade91 --><\/p>\n<p><!-- vcwb\/dynamicElementComment:9541f299 --><\/p>\n<p><!-- \/vcwb\/dynamicElementComment:9541f299 --><!-- vcwb\/dynamicElementComment:5751ed52 --><\/p>\n<p style=\"text-align: center;\"><strong>DODATKOWA GODZINA<\/strong><\/p>\n<p style=\"text-align: center;\"><strong>180 z\u0142<\/strong><\/p>\n<p style=\"text-align: center;\">Dop\u0142ata za ka\u017cd\u0105 dodatkow\u0105 godzin\u0119 pracy fotobudki, powy\u017cej ustalonego czasu.<\/p>\n<p><!-- \/vcwb\/dynamicElementComment:5751ed52 --><\/p>\n<p><!-- \/vcwb\/dynamicElementComment:46fade91 --><!-- vcwb\/dynamicElementComment:7ec1d48e --><\/p>\n<p><!-- vcwb\/dynamicElementComment:53f3a293 --><\/p>\n<p><!-- \/vcwb\/dynamicElementComment:53f3a293 --><!-- vcwb\/dynamicElementComment:4837996a --><\/p>\n<p style=\"text-align: center;\"><strong>DOJAZD<\/strong><\/p>\n<p style=\"text-align: center;\">\n<p style=\"mso-margin-top-alt: auto; mso-margin-bottom-alt: auto; line-height: normal; mso-outline-level: 5;\">Dojazd powy\u017cej 50km od Nowego S\u0105cza &#8211; <strong>1,50z\u0142<\/strong> za ka\u017cdy dodatkowy kilometr.<\/p>\n<p><!-- \/vcwb\/dynamicElementComment:4837996a --><\/p>\n<p><!-- \/vcwb\/dynamicElementComment:7ec1d48e --><\/p>\n<p><!-- \/vcwb\/dynamicElementComment:1699de23 --><!-- vcwb\/dynamicElementComment:4f1ad9f1 --><\/p>\n<p><!-- vcwb\/dynamicElementComment:fe5bce9c --><\/p>\n<p><\/p>\n<p><\/p>\n<p><!-- \/vcwb\/dynamicElementComment:fe5bce9c --><\/p>\n<p><!-- \/vcwb\/dynamicElementComment:4f1ad9f1 --><!-- vcwb\/dynamicElementComment:6293c255 --><\/p>\n<p><!-- vcwb\/dynamicElementComment:3d215297 --><\/p>\n<p><\/p>\n<p><\/p>\n<p><!-- \/vcwb\/dynamicElementComment:3d215297 --><\/p>\n<p><!-- \/vcwb\/dynamicElementComment:6293c255 --><!--vcv no format--><\/p>\n<div class='sfsi_Sicons' style='width: 100%; display: inline-block; vertical-align: middle; text-align:left'><div style='margin:0px 8px 0px 0px; line-height: 24px'><span>Zobacz nas:<\/span><\/div><div class='sfsi_socialwpr'><div class='sf_subscrbe' style='text-align:left;float:left;width:64px'><a href=\"http:\/\/www.specificfeeds.com\/widgets\/emailSubscribeEncFeed\/enVhL3ZDVXdxQUxhaFA2ZWJ2T1JReUJXNEdsaWRYaGRqU0dBS09lMlZkTlkwNGxpQXl3YlZZUVk0RXBtd2tLU0pEWXNoNnZJVFNLNUV1dmJVUHEzNy9hY09ZZloyZGdiN2ZRYjQreXp3UjkwSVhQczNwOWRZV0lJZlRERHVYVzh8dTkvQVdYSU1MNXV0STljUkJ6NVpobnU1Zk01eWwvK0V5TmdBV1NIeERabz0=\/OA==\/\" target=\"_blank\"><img src=\"https:\/\/wese-love.pl\/wp-content\/plugins\/ultimate-social-media-icons\/images\/follow_subscribe.png\" \/><\/a><\/div><div class='sf_fb' style='text-align:left;width:52px'><div class=\"fb-like\" href=\"https:\/\/wese-love.pl\/index.php\/cennik\/\" width=\"180\" send=\"false\" showfaces=\"false\"  action=\"like\" data-share=\"false\" data-layout=\"button\" ><\/div><\/div><div class='sf_google' style='text-align:left;float:left;max-width:62px;min-width:35px;'><div class=\"g-plusone\" data-href=\"https:\/\/wese-love.pl\/index.php\/cennik\/\" data-size=\"large\" data-annotation=\"none\" ><\/div><\/div><\/div><\/div>","protected":false},"excerpt":{"rendered":"<p>Zobacz nas:<\/p>\n","protected":false},"author":1,"featured_media":0,"parent":0,"menu_order":0,"comment_status":"closed","ping_status":"closed","template":"","meta":[],"_links":{"self":[{"href":"https:\/\/wese-love.pl\/index.php\/wp-json\/wp\/v2\/pages\/6594"}],"collection":[{"href":"https:\/\/wese-love.pl\/index.php\/wp-json\/wp\/v2\/pages"}],"about":[{"href":"https:\/\/wese-love.pl\/index.php\/wp-json\/wp\/v2\/types\/page"}],"author":[{"embeddable":true,"href":"https:\/\/wese-love.pl\/index.php\/wp-json\/wp\/v2\/users\/1"}],"replies":[{"embeddable":true,"href":"https:\/\/wese-love.pl\/index.php\/wp-json\/wp\/v2\/comments?post=6594"}],"version-history":[{"count":15,"href":"https:\/\/wese-love.pl\/index.php\/wp-json\/wp\/v2\/pages\/6594\/revisions"}],"predecessor-version":[{"id":8980,"href":"https:\/\/wese-love.pl\/index.php\/wp-json\/wp\/v2\/pages\/6594\/revisions\/8980"}],"wp:attachment":[{"href":"https:\/\/wese-love.pl\/index.php\/wp-json\/wp\/v2\/media?parent=6594"}],"curies":[{"name":"wp","href":"https:\/\/api.w.org\/{rel}","templated":true}]}}