{"id":79,"date":"2017-09-16T12:54:17","date_gmt":"2017-09-16T10:54:17","guid":{"rendered":"http:\/\/wese-love.pl\/?page_id=79"},"modified":"2023-03-28T22:25:16","modified_gmt":"2023-03-28T20:25:16","slug":"oferta","status":"publish","type":"page","link":"https:\/\/wese-love.pl\/index.php\/oferta\/","title":{"rendered":"Oferta"},"content":{"rendered":"<h4 style=\"text-align: center;\">STRONA W BUDOWIE<\/h4>\n<p style=\"text-align: center;\"><a href=\"http:\/\/wese-love.pl\/index.php\/kontakt\/\">Skontaktuj si\u0119 z nami<\/a> w celu poznania szczeg\u00f3\u0142owej oferty na Twoje przyj\u0119cie.<\/p>\n<div class='sfsi_Sicons' style='width: 100%; display: inline-block; vertical-align: middle; text-align:left'><div style='margin:0px 8px 0px 0px; line-height: 24px'><span>Zobacz nas:<\/span><\/div><div class='sfsi_socialwpr'><div class='sf_subscrbe' style='text-align:left;float:left;width:64px'><a href=\"http:\/\/www.specificfeeds.com\/widgets\/emailSubscribeEncFeed\/enVhL3ZDVXdxQUxhaFA2ZWJ2T1JReUJXNEdsaWRYaGRqU0dBS09lMlZkTlkwNGxpQXl3YlZZUVk0RXBtd2tLU0pEWXNoNnZJVFNLNUV1dmJVUHEzNy9hY09ZZloyZGdiN2ZRYjQreXp3UjkwSVhQczNwOWRZV0lJZlRERHVYVzh8dTkvQVdYSU1MNXV0STljUkJ6NVpobnU1Zk01eWwvK0V5TmdBV1NIeERabz0=\/OA==\/\" target=\"_blank\"><img src=\"https:\/\/wese-love.pl\/wp-content\/plugins\/ultimate-social-media-icons\/images\/follow_subscribe.png\" \/><\/a><\/div><div class='sf_fb' style='text-align:left;width:52px'><div class=\"fb-like\" href=\"https:\/\/wese-love.pl\/index.php\/oferta\/\" width=\"180\" send=\"false\" showfaces=\"false\"  action=\"like\" data-share=\"false\" data-layout=\"button\" ><\/div><\/div><div class='sf_google' style='text-align:left;float:left;max-width:62px;min-width:35px;'><div class=\"g-plusone\" data-href=\"https:\/\/wese-love.pl\/index.php\/oferta\/\" data-size=\"large\" data-annotation=\"none\" ><\/div><\/div><\/div><\/div>","protected":false},"excerpt":{"rendered":"<p>STRONA W BUDOWIE Skontaktuj si\u0119 z nami w celu poznania szczeg\u00f3\u0142owej oferty na Twoje przyj\u0119cie. Zobacz nas:<\/p>\n","protected":false},"author":1,"featured_media":0,"parent":0,"menu_order":0,"comment_status":"closed","ping_status":"closed","template":"","meta":[],"_links":{"self":[{"href":"https:\/\/wese-love.pl\/index.php\/wp-json\/wp\/v2\/pages\/79"}],"collection":[{"href":"https:\/\/wese-love.pl\/index.php\/wp-json\/wp\/v2\/pages"}],"about":[{"href":"https:\/\/wese-love.pl\/index.php\/wp-json\/wp\/v2\/types\/page"}],"author":[{"embeddable":true,"href":"https:\/\/wese-love.pl\/index.php\/wp-json\/wp\/v2\/users\/1"}],"replies":[{"embeddable":true,"href":"https:\/\/wese-love.pl\/index.php\/wp-json\/wp\/v2\/comments?post=79"}],"version-history":[{"count":16,"href":"https:\/\/wese-love.pl\/index.php\/wp-json\/wp\/v2\/pages\/79\/revisions"}],"predecessor-version":[{"id":7866,"href":"https:\/\/wese-love.pl\/index.php\/wp-json\/wp\/v2\/pages\/79\/revisions\/7866"}],"wp:attachment":[{"href":"https:\/\/wese-love.pl\/index.php\/wp-json\/wp\/v2\/media?parent=79"}],"curies":[{"name":"wp","href":"https:\/\/api.w.org\/{rel}","templated":true}]}}